{"id":4543,"date":"2024-09-12T09:13:49","date_gmt":"2024-09-12T07:13:49","guid":{"rendered":"https:\/\/comunicacionesdelonghi.net\/promociones\/?page_id=4543"},"modified":"2025-01-21T10:12:09","modified_gmt":"2025-01-21T09:12:09","slug":"cashback-clima","status":"publish","type":"page","link":"https:\/\/comunicacionesdelonghi.net\/promociones\/cashback-clima\/","title":{"rendered":"Promo cashback clima 50 a\u00f1os"},"content":{"rendered":"<p>[et_pb_section fb_built=\u00bb1&#8243; _builder_version=\u00bb4.23.1&#8243; _module_preset=\u00bbdefault\u00bb custom_padding=\u00bb5px||||false|false\u00bb global_colors_info=\u00bb{}\u00bb][et_pb_row _builder_version=\u00bb4.23.1&#8243; _module_preset=\u00bbdefault\u00bb width=\u00bb100%\u00bb max_width=\u00bb1156px\u00bb custom_padding=\u00bb0px||||false|false\u00bb global_colors_info=\u00bb{}\u00bb][et_pb_column type=\u00bb4_4&#8243; _builder_version=\u00bb4.20.2&#8243; _module_preset=\u00bbdefault\u00bb global_colors_info=\u00bb{}\u00bb][et_pb_image src=\u00bbhttps:\/\/comunicacionesdelonghi.net\/promociones\/wp-content\/uploads\/2024\/10\/Header_Formulario_Climatizacion_Cashback.jpg\u00bb title_text=\u00bbHeader_Formulario_Climatizacion_Cashback\u00bb _builder_version=\u00bb4.23.1&#8243; _module_preset=\u00bbdefault\u00bb global_colors_info=\u00bb{}\u00bb][\/et_pb_image][et_pb_text disabled_on=\u00bbon|on|on\u00bb _builder_version=\u00bb4.23.1&#8243; _module_preset=\u00bbdefault\u00bb text_font_size=\u00bb16px\u00bb custom_padding=\u00bb|15px||15px|false|false\u00bb hover_enabled=\u00bb0&#8243; global_colors_info=\u00bb{}\u00bb disabled=\u00bbon\u00bb sticky_enabled=\u00bb0&#8243;]<\/p>\n<div class=\"page\" title=\"Page 3\">\n<div class=\"layoutArea\">\n<div class=\"column\">\n<p><span>Por la compra de un <strong>Deshumidificador o Radiador De&#8217;Longhi consigue un reembolso de 50\u20ac<\/strong>. <\/span><span><br \/>Consulta <a href=\"https:\/\/comunicacionesdelonghi.net\/promociones\/wp-content\/uploads\/2024\/10\/BASES-PROMOCION-REEMBOLSOS-CLIMA-RADIADORES-Y-DESHUMIDIFICADORES-24-25.pdf\">aqu\u00ed<\/a> los que entran en la promoci\u00f3n.\u00a0<\/span><\/p>\n<p>Inscr\u00edbete en el siguiente formulario para participar.<\/p>\n<\/div>\n<\/div>\n<\/div>\n<p>[\/et_pb_text][et_pb_text disabled_on=\u00bboff|off|off\u00bb _builder_version=\u00bb4.23.1&#8243; _module_preset=\u00bbdefault\u00bb text_font_size=\u00bb20px\u00bb text_orientation=\u00bbcenter\u00bb hover_enabled=\u00bb0&#8243; global_colors_info=\u00bb{}\u00bb sticky_enabled=\u00bb0&#8243;]<\/p>\n<p>PROMOCI\u00d3N FINALIZADA POR LLEGAR AL M\u00c1XIMO DE PARTICIPACIONES.<\/p>\n<p>[\/et_pb_text][et_pb_text disabled_on=\u00bboff|off|off\u00bb _builder_version=\u00bb4.23.1&#8243; _module_preset=\u00bbdefault\u00bb custom_padding=\u00bb|15px||15px|false|false\u00bb global_colors_info=\u00bb{}\u00bb]<\/p>\n\n<p>[\/et_pb_text][\/et_pb_column][\/et_pb_row][\/et_pb_section]<\/p>\n","protected":false},"excerpt":{"rendered":"<p>Por la compra de un Deshumidificador o Radiador De&#8217;Longhi consigue un reembolso de 50\u20ac. Consulta aqu\u00ed los que entran en la promoci\u00f3n.\u00a0 Inscr\u00edbete en el siguiente formulario para participar. PROMOCI\u00d3N FINALIZADA POR LLEGAR AL M\u00c1XIMO DE PARTICIPACIONES.<\/p>\n","protected":false},"author":1,"featured_media":0,"parent":0,"menu_order":0,"comment_status":"closed","ping_status":"closed","template":"","meta":{"_et_pb_use_builder":"on","_et_pb_old_content":"","_et_gb_content_width":"","footnotes":""},"class_list":["post-4543","page","type-page","status-publish","hentry"],"_links":{"self":[{"href":"https:\/\/comunicacionesdelonghi.net\/promociones\/wp-json\/wp\/v2\/pages\/4543","targetHints":{"allow":["GET"]}}],"collection":[{"href":"https:\/\/comunicacionesdelonghi.net\/promociones\/wp-json\/wp\/v2\/pages"}],"about":[{"href":"https:\/\/comunicacionesdelonghi.net\/promociones\/wp-json\/wp\/v2\/types\/page"}],"author":[{"embeddable":true,"href":"https:\/\/comunicacionesdelonghi.net\/promociones\/wp-json\/wp\/v2\/users\/1"}],"replies":[{"embeddable":true,"href":"https:\/\/comunicacionesdelonghi.net\/promociones\/wp-json\/wp\/v2\/comments?post=4543"}],"version-history":[{"count":13,"href":"https:\/\/comunicacionesdelonghi.net\/promociones\/wp-json\/wp\/v2\/pages\/4543\/revisions"}],"predecessor-version":[{"id":4609,"href":"https:\/\/comunicacionesdelonghi.net\/promociones\/wp-json\/wp\/v2\/pages\/4543\/revisions\/4609"}],"wp:attachment":[{"href":"https:\/\/comunicacionesdelonghi.net\/promociones\/wp-json\/wp\/v2\/media?parent=4543"}],"curies":[{"name":"wp","href":"https:\/\/api.w.org\/{rel}","templated":true}]}}