{"id":4467,"date":"2023-07-25T12:49:40","date_gmt":"2023-07-25T10:49:40","guid":{"rendered":"https:\/\/comunicacionesdelonghi.net\/promociones\/?page_id=4467"},"modified":"2023-11-07T15:53:13","modified_gmt":"2023-11-07T14:53:13","slug":"rivelia-regalo-cafe","status":"publish","type":"page","link":"https:\/\/comunicacionesdelonghi.net\/promociones\/rivelia-regalo-cafe\/","title":{"rendered":"Promoci\u00f3n Rivelia Regalo 6 meses de Caf\u00e9"},"content":{"rendered":"<p>[et_pb_section fb_built=\u00bb1&#8243; _builder_version=\u00bb4.20.2&#8243; _module_preset=\u00bbdefault\u00bb custom_padding=\u00bb30px|||||\u00bb global_colors_info=\u00bb{}\u00bb][et_pb_row _builder_version=\u00bb4.20.2&#8243; _module_preset=\u00bbdefault\u00bb global_colors_info=\u00bb{}\u00bb][et_pb_column type=\u00bb4_4&#8243; _builder_version=\u00bb4.20.2&#8243; _module_preset=\u00bbdefault\u00bb global_colors_info=\u00bb{}\u00bb][et_pb_image src=\u00bbhttps:\/\/comunicacionesdelonghi.net\/promociones\/wp-content\/uploads\/2023\/10\/BANNERS-PROMO-VALOR-RIVELIA-WEB-DELONGHI_3000x900px-scaled.jpg\u00bb title_text=\u00bbBANNERS-PROMO-VALOR-RIVELIA-WEB-DELONGHI_3000x900px\u00bb _builder_version=\u00bb4.23&#8243; _module_preset=\u00bbdefault\u00bb global_colors_info=\u00bb{}\u00bb][\/et_pb_image][et_pb_text _builder_version=\u00bb4.21.0&#8243; _module_preset=\u00bbdefault\u00bb text_font_size=\u00bb16px\u00bb global_colors_info=\u00bb{}\u00bb]<\/p>\n<div class=\"page\" title=\"Page 3\">\n<div class=\"layoutArea\">\n<div class=\"column\">\n<p><span>Por la compra de una <strong>Cafetera Superautom\u00e1tica Rivelia<\/strong> de los modelos: <\/span>EXAM440.35.B,<span class=\"s1\"><span class=\"Apple-converted-space\">\u00a0<\/span><\/span>EXAM440.35.W,<span class=\"s1\"><span class=\"Apple-converted-space\">\u00a0<\/span><\/span>EXAM440.35.BG, EXAM440.55.B, EXAM440.55.G, EXAM440.55.W y EXAM440.55.BG.<\/p>\n<p><span>Consigue <strong>6 meses de caf\u00e9 de especialidad de regalo<\/strong>. El premio est\u00e1 <strong>valorado en 100\u20ac<\/strong> y est\u00e1 compuesto por: 4 packs de caf\u00e9 de especialidad Honduras 250gr. Medium-dark roast DLSC620 y 4 packs de caf\u00e9 de especialidad Honduras de 250gr. Medium-light roast DLSC621<\/span><span>.<\/span><\/p>\n<p>Promoci\u00f3n v\u00e1lida del 31 de octubre de 2023 y hasta<span> el 08 de enero de 2024 o bien<\/span> hasta agotar las 150 primeras participaciones.<\/p>\n<p>Inscr\u00edbete en el siguiente formulario para participar.<\/p>\n<\/div>\n<\/div>\n<\/div>\n<p>[\/et_pb_text][et_pb_text _builder_version=\u00bb4.23&#8243; _module_preset=\u00bbdefault\u00bb global_colors_info=\u00bb{}\u00bb]<\/p>\n\n<p>[\/et_pb_text][et_pb_text _builder_version=\u00bb4.20.2&#8243; _module_preset=\u00bbdefault\u00bb global_colors_info=\u00bb{}\u00bb]<\/p>\n<p class=\"gform_not_found\">\u00a1Vaya! No hemos podido localizar tu formulario.<\/p>\n<p>[\/et_pb_text][\/et_pb_column][\/et_pb_row][\/et_pb_section]<\/p>\n","protected":false},"excerpt":{"rendered":"<p>Por la compra de una Cafetera Superautom\u00e1tica Rivelia de los modelos: EXAM440.35.B,\u00a0EXAM440.35.W,\u00a0EXAM440.35.BG, EXAM440.55.B, EXAM440.55.G, EXAM440.55.W y EXAM440.55.BG. Consigue 6 meses de caf\u00e9 de especialidad de regalo. El premio est\u00e1 valorado en 100\u20ac y est\u00e1 compuesto por: 4 packs de caf\u00e9 de especialidad Honduras 250gr. Medium-dark roast DLSC620 y 4 packs de caf\u00e9 de especialidad Honduras [&hellip;]<\/p>\n","protected":false},"author":1,"featured_media":0,"parent":0,"menu_order":0,"comment_status":"closed","ping_status":"closed","template":"","meta":{"_et_pb_use_builder":"on","_et_pb_old_content":"","_et_gb_content_width":"","footnotes":""},"class_list":["post-4467","page","type-page","status-publish","hentry"],"_links":{"self":[{"href":"https:\/\/comunicacionesdelonghi.net\/promociones\/wp-json\/wp\/v2\/pages\/4467","targetHints":{"allow":["GET"]}}],"collection":[{"href":"https:\/\/comunicacionesdelonghi.net\/promociones\/wp-json\/wp\/v2\/pages"}],"about":[{"href":"https:\/\/comunicacionesdelonghi.net\/promociones\/wp-json\/wp\/v2\/types\/page"}],"author":[{"embeddable":true,"href":"https:\/\/comunicacionesdelonghi.net\/promociones\/wp-json\/wp\/v2\/users\/1"}],"replies":[{"embeddable":true,"href":"https:\/\/comunicacionesdelonghi.net\/promociones\/wp-json\/wp\/v2\/comments?post=4467"}],"version-history":[{"count":6,"href":"https:\/\/comunicacionesdelonghi.net\/promociones\/wp-json\/wp\/v2\/pages\/4467\/revisions"}],"predecessor-version":[{"id":4488,"href":"https:\/\/comunicacionesdelonghi.net\/promociones\/wp-json\/wp\/v2\/pages\/4467\/revisions\/4488"}],"wp:attachment":[{"href":"https:\/\/comunicacionesdelonghi.net\/promociones\/wp-json\/wp\/v2\/media?parent=4467"}],"curies":[{"name":"wp","href":"https:\/\/api.w.org\/{rel}","templated":true}]}}